{"id":6675,"date":"2019-05-28T10:26:13","date_gmt":"2019-05-28T09:26:13","guid":{"rendered":"https:\/\/www.avirpharma.com\/hestia-front\/"},"modified":"2020-08-14T14:31:09","modified_gmt":"2020-08-14T13:31:09","slug":"hestia-front","status":"publish","type":"page","link":"https:\/\/www.avirpharma.com\/fr\/","title":{"rendered":"ACCUEIL"},"content":{"rendered":"<div id=\"pl-6675\"  class=\"panel-layout\" ><div id=\"pg-6675-0\"  class=\"panel-grid panel-has-style\" ><div class=\"home_header__head siteorigin-panels-stretch panel-row-style panel-row-style-for-6675-0\" data-stretch-type=\"full-stretched\" ><div id=\"pgc-6675-0-0\"  class=\"panel-grid-cell\" ><div id=\"panel-6675-0-0-0\" class=\"so-panel widget widget_sow-editor panel-first-child panel-last-child\" data-index=\"0\" ><div\n\t\t\t\n\t\t\tclass=\"so-widget-sow-editor so-widget-sow-editor-base\"\n\t\t\t\n\t\t>\n<div class=\"siteorigin-widget-tinymce textwidget\">\n\t<style type='text\/css'>\n\t\t\t#home-frpjc-slideshow .frs-timer { display: none !important; }\n\t\t\t\t\t\n\t\t\t\n\t\t\t\t\n\t\t\t\t\n\t\t\t#home-frpjc .frs-wrapper .frs-caption {\n\t\t\t\tdisplay:none;\n\t\t\t}\n\t\t\t#home-frpjc-slideshow .frs-caption h4, #home-frpjc-slideshow .frs-caption-inner h4{\n\t\t\t\tfont-size:22px;\n\t\t\t    margin:0px;\t\t\n\t\t\t}\n\t\t\t#home-frpjc-slideshow .frs-caption p, #home-frpjc-slideshow .frs-caption-inner p{\n\t\t\t    margin:0px;\t\t\n\t\t\t    font-size:16px;\n\t\t\t}\n\t\t\t.frs-slideshow-container span.frs-caption {\n\t\t\t\theight: 0px !important;\n\t\t\t\tposition: absolute;\n\t\t\t}\n\t\t\t.frs-caption-content div h1, .frs-caption-content div h2, .frs-caption-content div h3, .frs-caption-content div h4, .frs-caption-content div p {\n\t\t\t\tcolor: inherit !important;\n\t\t\t\ttext-align: inherit !important;\n\t\t\t\tline-height: 1.5;\n\t\t\t}\n\t\t\t#home-frpjc .frs-wrapper .frs-bullets-wrapper{ display:none !important; height:0px !important; }\n\t\t<\/style><link rel='stylesheet' href='https:\/\/www.avirpharma.com\/wp-content\/plugins\/fluid-responsive-slideshow\/buttons\/frs-buttonskin-white.css' type='text\/css'><style>.frs-slideshow-container#homepjc {\r\n\tmargin-top: 0px;\r\n\tmargin-bottom: 0px;\r\n}\r\n\r\n.frs-caption-content h4{\r\n    display: none !important;\r\n}\r\n\r\n.frs-caption-content h2{\r\n    padding-top: 20px !important;\r\n}\r\n\r\n.frs-slide-img-wrapper .frs-slide-img:first-child img{\r\n    margin-top: 0 !important;\r\n}\r\n\r\n@media screen and (min-width: 992px){\r\n.frs-slide-img-wrapper .frs-slide-img:nth-child(5) img {\r\n    margin-top: -125px !important;\r\n}\r\n}<\/style><!-- Slideshow generated using Fluid-Responsive-Slideshow, https:\/\/www.tonjoostudio.com\/addons\/fluid-responsive-slideshow\/ -->\n\t\t<script type='text\/javascript'>\n\t\t\tjQuery(document).ready(function($) {\n\t\t\t\t$('#home-frpjc').frs({\n\t\t\t\t\tanimation : 'horizontal-slide', \/\/ horizontal-slide, vertical-slide, fade\n\t\t\t\t\tanimationSpeed :  800, \/\/ how fast animtions are\n\t\t\t\t\ttimer :  true, \/\/ true or false to have the timer\n\t\t\t\t\tadvanceSpeed :   3000, \/\/ if timer is enabled, time between transitions\n\t\t\t\t\tpauseOnHover : false, \/\/ if you hover pauses the slider\n\t\t\t\t\tstartClockOnMouseOut :  false, \/\/ if clock should start on MouseOut\n\t\t\t\t\tstartClockOnMouseOutAfter :  800, \/\/ how long after MouseOut should the timer start again\n\t\t\t\t\tdirectionalNav : true, \/\/ manual advancing directional navs\n\t\t\t\t\tcaptions : true, \/\/ do you want captions?\n\t\t\t\t\tcaptionAnimation : 'fade', \/\/ fade, slideOpen, none\n\t\t\t\t\tcaptionAnimationSpeed : 800, \/\/ if so how quickly should they animate in\n\t\t\t\t\tbullets :  true, \/\/ true or false to activate the bullet navigation\n\t\t\t\t\tbulletThumbs : true, \/\/ thumbnails for the bullets\n\t\t\t\t\tbulletThumbLocation : '', \/\/ location from this file where thumbs will be\n\t\t\t\t\tnavigationSmallTreshold:  false,\n\t\t\t\t\tnavigationSmall: 600,\n\t\t\t\t\tskinClass: 'frs-skin-elegant',\n\t\t\t\t\twidth: 650,\n\t\t\t\t\theight: 570,\n\t\t\t\t\tfullWidth: true,\n\t\t\t\t\tminHeight: 400,\n\t\t\t\t\tmaxHeight: 600,\n\t\t\t\t\tsbullets: false,\n\t\t\t\t\tsbulletsItemWidth: 200,\n\t\t\t\t\tcontinousSliding: true,\n\t\t\t\t\tjsOnly: false\n\t\t\t\t});\t\t\n\t\t\t\t\t\t\n\t\t\t\t\/**\n\t\t\t\t * touchSwipe\n\t\t\t\t *\/\n\t\t\t\t$('#home-frpjc-slideshow .frs-slide-img').swipe( \n\t\t\t\t{\n\t\t\t        swipeLeft:function(event, direction, distance, duration, fingerCount) {\n\t\t\t\t\t\t$('#home-frpjc-slideshow .frs-slider-nav .frs-arrow-right').click();\t\t\t\t\t\t\n\t\t\t\t\t},\n\n\t\t\t\t\tswipeRight:function(event, direction, distance, duration, fingerCount) {\n\t\t\t\t\t\t$('#home-frpjc-slideshow .frs-slider-nav .frs-arrow-left').click();\n\t\t\t\t\t},\n\n\t\t\t        triggerOnTouchLeave:true\n\t\t\t    });\n\t\t\t})\t\t\n\t\t<\/script>\n\t\t<!--[if lt IE 9]>\n\t\t\t<style type='text\/css'>\n\t\t\t#home-frpjc-slideshow .frs-timer { display: none !important; }\n\t\t\t#home-frpjc-slideshow div.caption { background:transparent; filter:progid:DXImageTransform.Microsoft.gradient(startColorstr=#99000000,endColorstr=#99000000);zoom: 1; }\n\t\t\t<\/style>\n\t\t<![endif]--><div class='frs-slideshow-container' id='home-frpjc'><div class='frs-slide-img-wrapper' style='display:none;'><div class='frs-slide-img' style = 'display:none;background:#ffffff' ><img alt='Slider 1' src='https:\/\/www.avirpharma.com\/wp-content\/uploads\/2020\/05\/header-1.jpg' \/><div class='frs-caption frs-caption-position-sticky-bottom' style='display: block;' id='captionhome-frpjc'><div class='frs-caption-outer' style='height:100%;width:100%;display:table;'><div class='frs-caption-inner' style='text-align:center; height:100%;display:table-cell;'><div class='frs-caption-content' style='width: 75%; background: url(\"https:\/\/www.avirpharma.com\/wp-content\/plugins\/fluid-responsive-slideshow\/backgrounds\/black.png\") repeat scroll 0% 0% transparent !important; padding:25px 25px 60px 25px;'><h4 style='text-align:center; color:;'>Slider 1<\/h4><div style='text-align:center; color:#ffffff;'><h2 class=\"pagetitle-title heading\">R\u00c9PONDRE AUX BESOINS DES CANADIENS.<br \/>\n<span class=\"orange\">C\u2019EST NOTRE SP\u00c9CIALIT\u00c9.<\/span><\/h2>\n<\/div><\/div><\/div><\/div><\/div><\/div><div class='frs-slide-img' style = 'display:none;background:#ffffff' ><img alt='Slide 2' src='https:\/\/www.avirpharma.com\/wp-content\/uploads\/2020\/05\/header-6.jpg' \/><div class='frs-caption frs-caption-position-sticky-bottom' style='display: block;' id='captionhome-frpjc'><div class='frs-caption-outer' style='height:100%;width:100%;display:table;'><div class='frs-caption-inner' style='text-align:center; height:100%;display:table-cell;'><div class='frs-caption-content' style='width: 75%; background: url(\"https:\/\/www.avirpharma.com\/wp-content\/plugins\/fluid-responsive-slideshow\/backgrounds\/black.png\") repeat scroll 0% 0% transparent !important; padding:25px 25px 60px 25px;'><h4 style='text-align:center; color:;'>Slide 2<\/h4><div style='text-align:center; color:#ffffff;'><h2 class=\"pagetitle-title heading\">IDENTIFIER UNE OPPORTUNIT\u00c9 GR\u00c2CE \u00c0 L\u2019INNOVATION.<br \/><span class=\"orange\">C&rsquo;EST NOTRE SP\u00c9CIALIT\u00c9.<\/span><\/h2>\n<\/div><\/div><\/div><\/div><\/div><\/div><div class='frs-slide-img' style = 'display:none;background:#ffffff' ><img alt='Slide 3' src='https:\/\/www.avirpharma.com\/wp-content\/uploads\/2020\/05\/header-4.jpg' \/><div class='frs-caption frs-caption-position-sticky-bottom' style='display: block;' id='captionhome-frpjc'><div class='frs-caption-outer' style='height:100%;width:100%;display:table;'><div class='frs-caption-inner' style='text-align:center; height:100%;display:table-cell;'><div class='frs-caption-content' style='width: 75%; background: url(\"https:\/\/www.avirpharma.com\/wp-content\/plugins\/fluid-responsive-slideshow\/backgrounds\/black.png\") repeat scroll 0% 0% transparent !important; padding:25px 25px 60px 25px;'><h4 style='text-align:center; color:;'>Slide 3<\/h4><div style='text-align:center; color:#ffffff;'><h2 class=\"pagetitle-title heading\">S&rsquo;ADAPTER AU CHANGEMENT.<br \/><span class=\"orange\">C&rsquo;EST NOTRE SP\u00c9CIALIT\u00c9.<\/span><\/h2>\n<\/div><\/div><\/div><\/div><\/div><\/div><div class='frs-slide-img' style = 'display:none;background:#ffffff' ><img alt='Slide 4' src='https:\/\/www.avirpharma.com\/wp-content\/uploads\/2020\/05\/header-5.jpg' \/><div class='frs-caption frs-caption-position-sticky-bottom' style='display: block;' id='captionhome-frpjc'><div class='frs-caption-outer' style='height:100%;width:100%;display:table;'><div class='frs-caption-inner' style='text-align:center; height:100%;display:table-cell;'><div class='frs-caption-content' style='width: 75%; background: url(\"https:\/\/www.avirpharma.com\/wp-content\/plugins\/fluid-responsive-slideshow\/backgrounds\/black.png\") repeat scroll 0% 0% transparent !important; padding:25px 25px 60px 25px;'><h4 style='text-align:center; color:;'>Slide 4<\/h4><div style='text-align:center; color:#ffffff;'><h2 class=\"pagetitle-title heading\">PLAIDER POUR DES OPTIONS.<br \/><span class=\"orange\">C&rsquo;EST NOTRE SP\u00c9CIALIT\u00c9.<\/span><\/h2>\n<\/div><\/div><\/div><\/div><\/div><\/div><div class='frs-slide-img' style = 'display:none;background:#ffffff' ><img alt='Slide 5' src='https:\/\/www.avirpharma.com\/wp-content\/uploads\/2020\/05\/header-3.jpg' \/><div class='frs-caption frs-caption-position-sticky-bottom' style='display: block;' id='captionhome-frpjc'><div class='frs-caption-outer' style='height:100%;width:100%;display:table;'><div class='frs-caption-inner' style='text-align:center; height:100%;display:table-cell;'><div class='frs-caption-content' style='width: 75%; background: url(\"https:\/\/www.avirpharma.com\/wp-content\/plugins\/fluid-responsive-slideshow\/backgrounds\/black.png\") repeat scroll 0% 0% transparent !important; padding:25px 25px 60px 25px;'><h4 style='text-align:center; color:;'>Slide 5<\/h4><div style='text-align:center; color:#ffffff;'><h2 class=\"pagetitle-title heading\">CONVERTIR LA PASSION EN PROGR\u00c8S.<br \/><span class=\"orange\">C&rsquo;EST NOTRE SP\u00c9CIALIT\u00c9.<\/span><\/h2>\n<\/div><\/div><\/div><\/div><\/div><\/div><div class='frs-slide-img' style = 'display:none;background:#ffffff' ><img alt='Slide 6' src='https:\/\/www.avirpharma.com\/wp-content\/uploads\/2020\/05\/header-2.jpg' \/><div class='frs-caption frs-caption-position-sticky-bottom' style='display: block;' id='captionhome-frpjc'><div class='frs-caption-outer' style='height:100%;width:100%;display:table;'><div class='frs-caption-inner' style='text-align:center; height:100%;display:table-cell;'><div class='frs-caption-content' style='width: 75%; background: url(\"https:\/\/www.avirpharma.com\/wp-content\/plugins\/fluid-responsive-slideshow\/backgrounds\/black.png\") repeat scroll 0% 0% transparent !important; padding:25px 25px 60px 25px;'><h4 style='text-align:center; color:#ffffff;'>Slide 6<\/h4><div style='text-align:center; color:#ffffff;'><h2 class=\"pagetitle-title heading\">FAIRE UNE DIFF\u00c9RENCE SIGNIFICATIVE.<br \/><span class=\"orange\">C&rsquo;EST NOTRE SP\u00c9CIALIT\u00c9.<\/span><\/h2>\n<\/div><\/div><\/div><\/div><\/div><\/div><\/div><\/div><script type='text\/javascript'>jQuery(document).ready(function($){$('#home-frpjc-slideshow .frs-bullets-wrapper li.frs-slideshow-nav-bullets').eq(0).html(\"1\");$('#home-frpjc-slideshow .frs-bullets-wrapper li.frs-slideshow-nav-bullets').eq(1).html(\"2\");$('#home-frpjc-slideshow .frs-bullets-wrapper li.frs-slideshow-nav-bullets').eq(2).html(\"3\");$('#home-frpjc-slideshow .frs-bullets-wrapper li.frs-slideshow-nav-bullets').eq(3).html(\"4\");$('#home-frpjc-slideshow .frs-bullets-wrapper li.frs-slideshow-nav-bullets').eq(4).html(\"5\");$('#home-frpjc-slideshow .frs-bullets-wrapper li.frs-slideshow-nav-bullets').eq(5).html(\"6\");})<\/script>\n<\/div>\n<\/div><\/div><\/div><\/div><\/div><div id=\"pg-6675-1\"  class=\"panel-grid panel-has-style\" ><div class=\"siteorigin-panels-stretch panel-row-style panel-row-style-for-6675-1\" data-stretch-type=\"full\" ><div id=\"pgc-6675-1-0\"  class=\"panel-grid-cell\" ><div id=\"panel-6675-1-0-0\" class=\"so-panel widget widget_sow-editor panel-first-child panel-last-child\" data-index=\"1\" ><div\n\t\t\t\n\t\t\tclass=\"so-widget-sow-editor so-widget-sow-editor-base\"\n\t\t\t\n\t\t>\n<div class=\"siteorigin-widget-tinymce textwidget\">\n\t<h3 style=\"color: #83b7cc;\">POURSUIVRE NOTRE MISSION<\/h3>\n<\/div>\n<\/div><\/div><\/div><div id=\"pgc-6675-1-1\"  class=\"panel-grid-cell\" ><div class=\"lght_blue right-full-block skew-right panel-cell-style panel-cell-style-for-6675-1-1\" ><div id=\"panel-6675-1-1-0\" class=\"so-panel widget widget_sow-editor panel-first-child\" data-index=\"2\" ><div\n\t\t\t\n\t\t\tclass=\"so-widget-sow-editor so-widget-sow-editor-base\"\n\t\t\t\n\t\t>\n<div class=\"siteorigin-widget-tinymce textwidget\">\n\t<p class=\"hom_sec_1_p\">Mettre \u00e0 profit notre expertise et notre unique position sur le march\u00e9 dans le but d\u2019offrir aux Canadiens des <strong>choix de traitements sp\u00e9cialis\u00e9s novateurs<\/strong>.<\/p>\n<\/div>\n<\/div><\/div><div id=\"panel-6675-1-1-1\" class=\"so-panel widget widget_sow-button panel-last-child\" data-index=\"3\" ><div\n\t\t\t\n\t\t\tclass=\"so-widget-sow-button so-widget-sow-button-wire-88bb8453683d-6922\"\n\t\t\t\n\t\t><div class=\"ow-button-base ow-button-align-right\">\n\t\t\t<a\n\t\t\t\t\thref=\"https:\/\/www.avirpharma.com\/our-story\/\"\n\t\t\t\t\tclass=\"butn sowb-button ow-icon-placement-right\" \t>\n\t\t<span>\n\t\t\t<div class=\"sow-icon-image\" style=\"background-image: url(https:\/\/www.avirpharma.com\/wp-content\/uploads\/2020\/05\/forward-arrow-small.png)\"><\/div>\n\t\t\tPOUR EN SAVOIR PLUS\t\t<\/span>\n\t\t\t<\/a>\n\t<\/div>\n<\/div><\/div><\/div><\/div><\/div><\/div><div id=\"pg-6675-2\"  class=\"panel-grid panel-has-style\" ><div class=\"siteorigin-panels-stretch panel-row-style panel-row-style-for-6675-2\" data-stretch-type=\"full\" ><div id=\"pgc-6675-2-0\"  class=\"panel-grid-cell\" ><div id=\"panel-6675-2-0-0\" class=\"so-panel widget widget_sow-image panel-first-child\" data-index=\"4\" ><div class=\"hom_icons_img panel-widget-style panel-widget-style-for-6675-2-0-0\" ><div\n\t\t\t\n\t\t\tclass=\"so-widget-sow-image so-widget-sow-image-default-c67d20f9f743-6922\"\n\t\t\t\n\t\t>\n<div class=\"sow-image-container\">\n\t\t<img loading=\"lazy\" decoding=\"async\" src=\"https:\/\/www.avirpharma.com\/wp-content\/uploads\/2020\/05\/our-product-1.png\" width=\"100\" height=\"102\" sizes=\"auto, (max-width: 100px) 100vw, 100px\" title=\"our product\" alt=\"\" \t\tclass=\"so-widget-image\"\/>\n\t<\/div>\n\n<\/div><\/div><\/div><div id=\"panel-6675-2-0-1\" class=\"so-panel widget widget_sow-button panel-last-child\" data-index=\"5\" ><div\n\t\t\t\n\t\t\tclass=\"so-widget-sow-button so-widget-sow-button-wire-fb0332ed8adb-6922\"\n\t\t\t\n\t\t><div class=\"ow-button-base ow-button-align-center\">\n\t\t\t<a\n\t\t\t\t\thref=\"https:\/\/www.avirpharma.com\/our-products\/\"\n\t\t\t\t\tclass=\"butn sowb-button ow-icon-placement-right\" \t>\n\t\t<span>\n\t\t\t<div class=\"sow-icon-image\" style=\"background-image: url(https:\/\/www.avirpharma.com\/wp-content\/uploads\/2020\/05\/forward-arrow-small.png)\"><\/div>\n\t\t\tNOS PRODUITS\t\t<\/span>\n\t\t\t<\/a>\n\t<\/div>\n<\/div><\/div><\/div><div id=\"pgc-6675-2-1\"  class=\"panel-grid-cell\" ><div id=\"panel-6675-2-1-0\" class=\"so-panel widget widget_sow-image panel-first-child\" data-index=\"6\" ><div class=\"hom_icons_img panel-widget-style panel-widget-style-for-6675-2-1-0\" ><div\n\t\t\t\n\t\t\tclass=\"so-widget-sow-image so-widget-sow-image-default-c67d20f9f743-6922\"\n\t\t\t\n\t\t>\n<div class=\"sow-image-container\">\n\t\t<img loading=\"lazy\" decoding=\"async\" src=\"https:\/\/www.avirpharma.com\/wp-content\/uploads\/2020\/05\/Our-Focus-1.png\" width=\"100\" height=\"102\" sizes=\"auto, (max-width: 100px) 100vw, 100px\" title=\"Our Focus\" alt=\"\" \t\tclass=\"so-widget-image\"\/>\n\t<\/div>\n\n<\/div><\/div><\/div><div id=\"panel-6675-2-1-1\" class=\"so-panel widget widget_sow-button panel-last-child\" data-index=\"7\" ><div\n\t\t\t\n\t\t\tclass=\"so-widget-sow-button so-widget-sow-button-wire-fb0332ed8adb-6922\"\n\t\t\t\n\t\t><div class=\"ow-button-base ow-button-align-center\">\n\t\t\t<a\n\t\t\t\t\thref=\"https:\/\/www.avirpharma.com\/our-focus\/\"\n\t\t\t\t\tclass=\"butn sowb-button ow-icon-placement-right\" \t>\n\t\t<span>\n\t\t\t<div class=\"sow-icon-image\" style=\"background-image: url(https:\/\/www.avirpharma.com\/wp-content\/uploads\/2020\/05\/forward-arrow-small.png)\"><\/div>\n\t\t\tNOS CHAMPS TH\u00c9RAPEUTIQUES\t\t<\/span>\n\t\t\t<\/a>\n\t<\/div>\n<\/div><\/div><\/div><div id=\"pgc-6675-2-2\"  class=\"panel-grid-cell\" ><div id=\"panel-6675-2-2-0\" class=\"so-panel widget widget_sow-image panel-first-child\" data-index=\"8\" ><div class=\"hom_icons_img panel-widget-style panel-widget-style-for-6675-2-2-0\" ><div\n\t\t\t\n\t\t\tclass=\"so-widget-sow-image so-widget-sow-image-default-c67d20f9f743-6922\"\n\t\t\t\n\t\t>\n<div class=\"sow-image-container\">\n\t\t<img loading=\"lazy\" decoding=\"async\" src=\"https:\/\/www.avirpharma.com\/wp-content\/uploads\/2020\/05\/our-partners-1.png\" width=\"100\" height=\"102\" sizes=\"auto, (max-width: 100px) 100vw, 100px\" title=\"our partners\" alt=\"\" \t\tclass=\"so-widget-image\"\/>\n\t<\/div>\n\n<\/div><\/div><\/div><div id=\"panel-6675-2-2-1\" class=\"so-panel widget widget_sow-button panel-last-child\" data-index=\"9\" ><div\n\t\t\t\n\t\t\tclass=\"so-widget-sow-button so-widget-sow-button-wire-fb0332ed8adb-6922\"\n\t\t\t\n\t\t><div class=\"ow-button-base ow-button-align-center\">\n\t\t\t<a\n\t\t\t\t\thref=\"https:\/\/www.avirpharma.com\/our-partnerships\/\"\n\t\t\t\t\tclass=\"butn sowb-button ow-icon-placement-right\" \t>\n\t\t<span>\n\t\t\t<div class=\"sow-icon-image\" style=\"background-image: url(https:\/\/www.avirpharma.com\/wp-content\/uploads\/2020\/05\/forward-arrow-small.png)\"><\/div>\n\t\t\tNOS PARTENARIATS\t\t<\/span>\n\t\t\t<\/a>\n\t<\/div>\n<\/div><\/div><\/div><\/div><\/div><div id=\"pg-6675-3\"  class=\"panel-grid panel-has-style\" ><div class=\"siteorigin-panels-stretch panel-row-style panel-row-style-for-6675-3\" data-stretch-type=\"full-stretched\" ><div id=\"pgc-6675-3-0\"  class=\"panel-grid-cell\" ><div id=\"panel-6675-3-0-0\" class=\"so-panel widget widget_siteorigin-panels-builder panel-first-child panel-last-child\" data-index=\"10\" ><div id=\"pl-w5f1199e181a2c\"  class=\"panel-layout\" ><div id=\"pg-w5f1199e181a2c-0\"  class=\"panel-grid panel-has-style\" ><div class=\"testio_div  panel-row-style panel-row-style-for-w5f1199e181a2c-0\" ><div id=\"pgc-w5f1199e181a2c-0-0\"  class=\"panel-grid-cell\" ><div id=\"panel-w5f1199e181a2c-0-0-0\" class=\"so-panel widget widget_sow-image panel-first-child panel-last-child\" data-index=\"0\" ><div\n\t\t\t\n\t\t\tclass=\"so-widget-sow-image so-widget-sow-image-default-4e6925654b7a\"\n\t\t\t\n\t\t>\n<div class=\"sow-image-container\">\n\t\t<img loading=\"lazy\" decoding=\"async\" src=\"https:\/\/www.avirpharma.com\/wp-content\/uploads\/2020\/05\/testimonial-img-1.png\" width=\"531\" height=\"280\" srcset=\"https:\/\/www.avirpharma.com\/wp-content\/uploads\/2020\/05\/testimonial-img-1.png 531w, https:\/\/www.avirpharma.com\/wp-content\/uploads\/2020\/05\/testimonial-img-1-300x158.png 300w\" sizes=\"auto, (max-width: 531px) 100vw, 531px\" alt=\"\" \t\tclass=\"so-widget-image\"\/>\n\t<\/div>\n\n<\/div><\/div><\/div><div id=\"pgc-w5f1199e181a2c-0-1\"  class=\"panel-grid-cell\" ><div class=\"panel-cell-style panel-cell-style-for-w5f1199e181a2c-0-1\" ><div id=\"panel-w5f1199e181a2c-0-1-0\" class=\"so-panel widget widget_sow-editor panel-first-child panel-last-child\" data-index=\"1\" ><div class=\"testimo panel-widget-style panel-widget-style-for-w5f1199e181a2c-0-1-0\" ><div\n\t\t\t\n\t\t\tclass=\"so-widget-sow-editor so-widget-sow-editor-base\"\n\t\t\t\n\t\t>\n<div class=\"siteorigin-widget-tinymce textwidget\">\n\t<h3 style=\"color: #fff;\">\u00ab L\u2019\u00c9QUIPE D\u2019AVIR, ENTI\u00c8REMENT CANADIENNE, EST D\u00c9VOU\u00c9E \u00c0 FAIRE UNE DIFF\u00c9RENCE SIGNIFICATIVE AUPR\u00c8S DE SES CONCITOYENS CANADIENS. \u00bb<\/h3>\n<p style=\"color: #fff;\">OLIVIER ST-DENIS<br \/>\nPR\u00c9SIDENT<\/p>\n<\/div>\n<\/div><\/div><\/div><\/div><\/div><\/div><\/div><div id=\"pg-w5f1199e181a2c-1\"  class=\"panel-grid panel-has-style\" ><div class=\"testio_div  panel-row-style panel-row-style-for-w5f1199e181a2c-1\" ><div id=\"pgc-w5f1199e181a2c-1-0\"  class=\"panel-grid-cell\" ><div id=\"panel-w5f1199e181a2c-1-0-0\" class=\"so-panel widget widget_sow-image panel-first-child panel-last-child\" data-index=\"2\" ><div\n\t\t\t\n\t\t\tclass=\"so-widget-sow-image so-widget-sow-image-default-4e6925654b7a\"\n\t\t\t\n\t\t>\n<div class=\"sow-image-container\">\n\t\t<img loading=\"lazy\" decoding=\"async\" src=\"https:\/\/www.avirpharma.com\/wp-content\/uploads\/2020\/05\/testimonial-img-2.png\" width=\"712\" height=\"295\" srcset=\"https:\/\/www.avirpharma.com\/wp-content\/uploads\/2020\/05\/testimonial-img-2.png 712w, https:\/\/www.avirpharma.com\/wp-content\/uploads\/2020\/05\/testimonial-img-2-300x124.png 300w\" sizes=\"auto, (max-width: 712px) 100vw, 712px\" alt=\"\" \t\tclass=\"so-widget-image\"\/>\n\t<\/div>\n\n<\/div><\/div><\/div><div id=\"pgc-w5f1199e181a2c-1-1\"  class=\"panel-grid-cell\" ><div class=\"panel-cell-style panel-cell-style-for-w5f1199e181a2c-1-1\" ><div id=\"panel-w5f1199e181a2c-1-1-0\" class=\"so-panel widget widget_sow-editor panel-first-child panel-last-child\" data-index=\"3\" ><div class=\"testimo panel-widget-style panel-widget-style-for-w5f1199e181a2c-1-1-0\" ><div\n\t\t\t\n\t\t\tclass=\"so-widget-sow-editor so-widget-sow-editor-base\"\n\t\t\t\n\t\t>\n<div class=\"siteorigin-widget-tinymce textwidget\">\n\t<h3 style=\"color: #fff;\">\u00ab C\u2019EST LE MOMENT POUR AVIR DE TRACER UNE NOUVELLE VOIE, DE REPR\u00c9SENTER ET DE R\u00c9PONDRE \u00c0 DES BESOINS NON COMBL\u00c9S. \u00bb<\/h3>\n<p style=\"color: #fff;\">KALED KADRI<br \/>\nVICE-PR\u00c9SIDENT, D\u00c9VELOPPEMENT DES AFFAIRES<\/p>\n<\/div>\n<\/div><\/div><\/div><\/div><\/div><\/div><\/div><\/div><\/div><\/div><\/div><\/div><div id=\"pg-6675-4\"  class=\"panel-grid panel-has-style\" ><div class=\"siteorigin-panels-stretch panel-row-style panel-row-style-for-6675-4\" data-stretch-type=\"full\" ><div id=\"pgc-6675-4-0\"  class=\"panel-grid-cell\" ><div id=\"panel-6675-4-0-0\" class=\"so-panel widget widget_sow-button panel-first-child panel-last-child\" data-index=\"11\" ><div\n\t\t\t\n\t\t\tclass=\"so-widget-sow-button so-widget-sow-button-wire-88bb8453683d-6922\"\n\t\t\t\n\t\t><div class=\"ow-button-base ow-button-align-right\">\n\t\t\t<a\n\t\t\t\t\thref=\"https:\/\/www.avirpharma.com\/fr\/notre-histoire\/#notre-equipe-executive\"\n\t\t\t\t\tclass=\"butn sowb-button ow-icon-placement-right\" \t>\n\t\t<span>\n\t\t\t<div class=\"sow-icon-image\" style=\"background-image: url(https:\/\/www.avirpharma.com\/wp-content\/uploads\/2020\/05\/blue-arrowsmall.png)\"><\/div>\n\t\t\tRENCONTREZ NOTRE \u00c9QUIPE EX\u00c9CUTIVE\t\t<\/span>\n\t\t\t<\/a>\n\t<\/div>\n<\/div><\/div><\/div><\/div><\/div><div id=\"pg-6675-5\"  class=\"panel-grid panel-no-style\" ><div id=\"pgc-6675-5-0\"  class=\"panel-grid-cell\" ><div class=\"home_sec_4 left-full-block skew-right panel-cell-style panel-cell-style-for-6675-5-0\" id=\"fr_hom_fr_sec\" ><div id=\"panel-6675-5-0-0\" class=\"so-panel widget widget_sow-editor panel-first-child panel-last-child\" data-index=\"12\" ><div\n\t\t\t\n\t\t\tclass=\"so-widget-sow-editor so-widget-sow-editor-base\"\n\t\t\t\n\t\t>\n<div class=\"siteorigin-widget-tinymce textwidget\">\n\t<h3>NOUS SERONS <br \/>PR\u00c9SENTS<br \/> \u00c0 CES <br \/>\u00c9V\u00c9NEMENTS<\/h3>\n<\/div>\n<\/div><\/div><\/div><\/div><div id=\"pgc-6675-5-1\"  class=\"panel-grid-cell\" ><div id=\"panel-6675-5-1-0\" class=\"so-panel widget widget_siteorigin-panels-builder panel-first-child panel-last-child\" data-index=\"13\" ><div id=\"pl-w5f36921db8c4c\"  class=\"panel-layout\" ><div id=\"pg-w5f36921db8c4c-0\"  class=\"panel-grid panel-no-style\" ><div id=\"pgc-w5f36921db8c4c-0-0\"  class=\"panel-grid-cell panel-grid-cell-empty\" ><\/div><div id=\"pgc-w5f36921db8c4c-0-1\"  class=\"panel-grid-cell\" ><div id=\"panel-w5f36921db8c4c-0-1-0\" class=\"so-panel widget widget_sow-editor panel-first-child panel-last-child\" data-index=\"0\" ><div\n\t\t\t\n\t\t\tclass=\"so-widget-sow-editor so-widget-sow-editor-base\"\n\t\t\t\n\t\t>\n<div class=\"siteorigin-widget-tinymce textwidget\">\n\t<p>\u00c0 d\u00e9terminer en raison des circonstances actuelles. Nous demeurons disponibles afin de discuter de partenariat potentiel.<br \/>\n<!-- \n\n<h5 style=\"color: #006385;margin: 0;\"><b>BIO INTERNATIONAL CONVENTION<\/b><\/h5>\n\n\n\n\n<h5 style=\"color: #8b9796;margin: 0;\"><span style=\"font-weight: normal;\">JUNE 3-6 2019<br \/>PHILADELPHIA, PA<\/span><\/h5>\n\n\n--><\/p>\n<\/div>\n<\/div><\/div><\/div><div id=\"pgc-w5f36921db8c4c-0-2\"  class=\"panel-grid-cell\" ><div id=\"panel-w5f36921db8c4c-0-2-0\" class=\"so-panel widget widget_sow-image panel-first-child panel-last-child\" data-index=\"1\" ><div\n\t\t\t\n\t\t\tclass=\"so-widget-sow-image so-widget-sow-image-default-e4c2d9f6c920\"\n\t\t\t\n\t\t>\n<div class=\"sow-image-container\">\n\t\t<img loading=\"lazy\" decoding=\"async\" src=\"https:\/\/www.avirpharma.com\/wp-content\/uploads\/2020\/05\/forward-arrow-small.png\" width=\"21\" height=\"40\" sizes=\"auto, (max-width: 21px) 100vw, 21px\" title=\"forward arrow (small)\" alt=\"\" \t\tclass=\"so-widget-image\"\/>\n\t<\/div>\n\n<\/div><\/div><\/div><\/div><\/div><\/div><\/div><\/div><\/div>","protected":false},"excerpt":{"rendered":"<p>POURSUIVRE NOTRE MISSION Mettre \u00e0 profit notre expertise et notre unique position sur le march\u00e9 dans le but d\u2019offrir aux Canadiens des choix de traitements sp\u00e9cialis\u00e9s novateurs. \u00ab L\u2019\u00c9QUIPE D\u2019AVIR, ENTI\u00c8REMENT CANADIENNE, EST D\u00c9VOU\u00c9E \u00c0 FAIRE UNE DIFF\u00c9RENCE SIGNIFICATIVE AUPR\u00c8S DE SES CONCITOYENS CANADIENS. \u00bb OLIVIER ST-DENIS PR\u00c9SIDENT \u00ab C\u2019EST LE MOMENT POUR AVIR DE TRACER UNE NOUVELLE VOIE, DE REPR\u00c9SENTER ET DE R\u00c9PONDRE \u00c0 DES BESOINS NON COMBL\u00c9S. \u00bb KALED KADRI VICE-PR\u00c9SIDENT, D\u00c9VELOPPEMENT DES AFFAIRES NOUS SERONS PR\u00c9SENTS \u00c0&hellip;<\/p>\n","protected":false},"author":1,"featured_media":0,"parent":0,"menu_order":0,"comment_status":"closed","ping_status":"closed","template":"","meta":{"footnotes":""},"class_list":["post-6675","page","type-page","status-publish","hentry","post-has-thumbnail"],"_links":{"self":[{"href":"https:\/\/www.avirpharma.com\/fr\/wp-json\/wp\/v2\/pages\/6675","targetHints":{"allow":["GET"]}}],"collection":[{"href":"https:\/\/www.avirpharma.com\/fr\/wp-json\/wp\/v2\/pages"}],"about":[{"href":"https:\/\/www.avirpharma.com\/fr\/wp-json\/wp\/v2\/types\/page"}],"author":[{"embeddable":true,"href":"https:\/\/www.avirpharma.com\/fr\/wp-json\/wp\/v2\/users\/1"}],"replies":[{"embeddable":true,"href":"https:\/\/www.avirpharma.com\/fr\/wp-json\/wp\/v2\/comments?post=6675"}],"version-history":[{"count":25,"href":"https:\/\/www.avirpharma.com\/fr\/wp-json\/wp\/v2\/pages\/6675\/revisions"}],"predecessor-version":[{"id":7145,"href":"https:\/\/www.avirpharma.com\/fr\/wp-json\/wp\/v2\/pages\/6675\/revisions\/7145"}],"wp:attachment":[{"href":"https:\/\/www.avirpharma.com\/fr\/wp-json\/wp\/v2\/media?parent=6675"}],"curies":[{"name":"wp","href":"https:\/\/api.w.org\/{rel}","templated":true}]}}