{"id":6683,"date":"2020-05-23T03:19:45","date_gmt":"2020-05-23T02:19:45","guid":{"rendered":"https:\/\/www.avirpharma.com\/our-focus\/"},"modified":"2020-08-14T14:34:39","modified_gmt":"2020-08-14T13:34:39","slug":"nos-champs-dinteret","status":"publish","type":"page","link":"https:\/\/www.avirpharma.com\/fr\/nos-champs-dinteret\/","title":{"rendered":"NOS CHAMPS D\u2019INT\u00c9R\u00caT"},"content":{"rendered":"<div id=\"pl-6683\"  class=\"panel-layout\" ><div id=\"pg-6683-0\"  class=\"panel-grid panel-has-style\" ><div class=\"header__head siteorigin-panels-stretch panel-row-style panel-row-style-for-6683-0\" data-stretch-type=\"full\" ><div id=\"pgc-6683-0-0\"  class=\"panel-grid-cell\" ><div class=\"balk_overlay_00 panel-cell-style panel-cell-style-for-6683-0-0\" ><div id=\"panel-6683-0-0-0\" class=\"so-panel widget widget_sow-editor panel-first-child panel-last-child\" data-index=\"0\" ><div class=\"balk_overlay panel-widget-style panel-widget-style-for-6683-0-0-0\" ><div\n\t\t\t\n\t\t\tclass=\"so-widget-sow-editor so-widget-sow-editor-base\"\n\t\t\t\n\t\t>\n<div class=\"siteorigin-widget-tinymce textwidget\">\n\t<h2 class=\"pagetitle-title heading\">S'ADAPTER AU CHANGEMENT.<br \/><span class=\"orange\">C'EST NOTRE SP\u00c9CIALIT\u00c9.<\/span><\/h2>\n<\/div>\n<\/div><\/div><\/div><\/div><\/div><\/div><\/div><div id=\"pg-6683-1\"  class=\"panel-grid panel-has-style\" ><div class=\"siteorigin-panels-stretch panel-row-style panel-row-style-for-6683-1\" data-stretch-type=\"full\" ><div id=\"pgc-6683-1-0\"  class=\"panel-grid-cell\" ><div class=\"abt_omv right-full-block skew-left panel-cell-style panel-cell-style-for-6683-1-0\" ><div id=\"panel-6683-1-0-0\" class=\"so-panel widget widget_sow-editor panel-first-child panel-last-child\" data-index=\"1\" ><div\n\t\t\t\n\t\t\tclass=\"so-widget-sow-editor so-widget-sow-editor-base\"\n\t\t\t\n\t\t>\n<div class=\"siteorigin-widget-tinymce textwidget\">\n\t<h3 class=\"sec_head\">NOS CHAMPS TH\u00c9RAPEUTIQUES<\/h3>\n<\/div>\n<\/div><\/div><\/div><\/div><\/div><\/div><div id=\"pg-6683-2\"  class=\"panel-grid panel-no-style\" ><div id=\"pgc-6683-2-0\"  class=\"panel-grid-cell\" ><div id=\"panel-6683-2-0-0\" class=\"so-panel widget widget_siteorigin-panels-builder panel-first-child panel-last-child\" data-index=\"2\" ><div id=\"pl-w5f119ddd30289\"  class=\"panel-layout\" ><div id=\"pg-w5f119ddd30289-0\"  class=\"panel-grid panel-has-style\" ><div class=\"panel-row-style panel-row-style-for-w5f119ddd30289-0\" ><div id=\"pgc-w5f119ddd30289-0-0\"  class=\"panel-grid-cell\" ><div id=\"panel-w5f119ddd30289-0-0-0\" class=\"so-panel widget widget_sow-headline panel-first-child panel-last-child\" data-index=\"0\" ><div\n\t\t\t\n\t\t\tclass=\"so-widget-sow-headline so-widget-sow-headline-default-809c6ba63723\"\n\t\t\t\n\t\t><div class=\"sow-headline-container \">\n\t\t\t\t\t\t\t<h3 class=\"sow-headline\">\n\t\t\t\t\t\tAVIR CENTRALISE SON EXPERTISE TH\u00c9RAPEUTIQUE PRINCIPALEMENT DANS LES CHAMPS SUIVANTS :\t\t\t\t\t\t<\/h3>\n\t\t\t\t\t\t<\/div>\n<\/div><\/div><\/div><\/div><\/div><div id=\"pg-w5f119ddd30289-1\"  class=\"panel-grid panel-no-style\" ><div id=\"pgc-w5f119ddd30289-1-0\"  class=\"panel-grid-cell\" ><div id=\"panel-w5f119ddd30289-1-0-0\" class=\"so-panel widget widget_sow-image panel-first-child\" data-index=\"1\" ><div\n\t\t\t\n\t\t\tclass=\"so-widget-sow-image so-widget-sow-image-default-c67d20f9f743\"\n\t\t\t\n\t\t>\n<div class=\"sow-image-container\">\n\t\t<img loading=\"lazy\" decoding=\"async\" src=\"https:\/\/www.avirpharma.com\/wp-content\/uploads\/2020\/05\/INFECTIOUS-DISEASES.png\" width=\"80\" height=\"80\" sizes=\"auto, (max-width: 80px) 100vw, 80px\" title=\"INFECTIOUS DISEASES\" alt=\"\" \t\tclass=\"so-widget-image\"\/>\n\t<\/div>\n\n<\/div><\/div><div id=\"panel-w5f119ddd30289-1-0-1\" class=\"so-panel widget widget_sow-editor panel-last-child\" data-index=\"2\" ><div\n\t\t\t\n\t\t\tclass=\"so-widget-sow-editor so-widget-sow-editor-base\"\n\t\t\t\n\t\t>\n<div class=\"siteorigin-widget-tinymce textwidget\">\n\t<h5 class=\"orange\" style=\"text-align: center;\">INFECTIOLOGIE<\/h5>\n<p style=\"text-align: center;color: #3e4757;font-size: 14pt !important;\">Aspergillose invasive<br \/>\nMucormycose invasive<br \/>\nPneumonie acquise en communaut\u00e9<br \/>\nPneumonie acquise en milieu hospitalier<\/p>\n<\/div>\n<\/div><\/div><\/div><div id=\"pgc-w5f119ddd30289-1-1\"  class=\"panel-grid-cell\" ><div id=\"panel-w5f119ddd30289-1-1-0\" class=\"so-panel widget widget_sow-image panel-first-child\" data-index=\"3\" ><div\n\t\t\t\n\t\t\tclass=\"so-widget-sow-image so-widget-sow-image-default-c67d20f9f743\"\n\t\t\t\n\t\t>\n<div class=\"sow-image-container\">\n\t\t<img loading=\"lazy\" decoding=\"async\" src=\"https:\/\/www.avirpharma.com\/wp-content\/uploads\/2020\/05\/GASTROENTEROLOGY.png\" width=\"80\" height=\"80\" sizes=\"auto, (max-width: 80px) 100vw, 80px\" alt=\"\" \t\tclass=\"so-widget-image\"\/>\n\t<\/div>\n\n<\/div><\/div><div id=\"panel-w5f119ddd30289-1-1-1\" class=\"so-panel widget widget_sow-editor panel-last-child\" data-index=\"4\" ><div\n\t\t\t\n\t\t\tclass=\"so-widget-sow-editor so-widget-sow-editor-base\"\n\t\t\t\n\t\t>\n<div class=\"siteorigin-widget-tinymce textwidget\">\n\t<h5 class=\"orange\" style=\"text-align: center;\">GASTROENT\u00c9ROLOGIE<\/h5>\n<p style=\"text-align: center;color: #3e4757;font-size: 14pt !important;\">Colite ulc\u00e9reuse<br \/>\n\u0152sophagite \u00e0 \u00e9osinophiles<\/p>\n<\/div>\n<\/div><\/div><\/div><div id=\"pgc-w5f119ddd30289-1-2\"  class=\"panel-grid-cell\" ><div id=\"panel-w5f119ddd30289-1-2-0\" class=\"so-panel widget widget_sow-image panel-first-child\" data-index=\"5\" ><div\n\t\t\t\n\t\t\tclass=\"so-widget-sow-image so-widget-sow-image-default-c67d20f9f743\"\n\t\t\t\n\t\t>\n<div class=\"sow-image-container\">\n\t\t<img loading=\"lazy\" decoding=\"async\" src=\"https:\/\/www.avirpharma.com\/wp-content\/uploads\/2020\/05\/HOSPITAL-ACUTE-CARE.png\" width=\"80\" height=\"80\" sizes=\"auto, (max-width: 80px) 100vw, 80px\" title=\"HOSPITAL ACUTE CARE\" alt=\"\" \t\tclass=\"so-widget-image\"\/>\n\t<\/div>\n\n<\/div><\/div><div id=\"panel-w5f119ddd30289-1-2-1\" class=\"so-panel widget widget_sow-editor panel-last-child\" data-index=\"6\" ><div\n\t\t\t\n\t\t\tclass=\"so-widget-sow-editor so-widget-sow-editor-base\"\n\t\t\t\n\t\t>\n<div class=\"siteorigin-widget-tinymce textwidget\">\n\t<h5 class=\"orange\" style=\"text-align: center;\">SOINS HOSPITALIERS SP\u00c9CIALIS\u00c9S<\/h5>\n<p style=\"text-align: center;color: #3e4757;font-size: 14pt !important;\">Douleur et fi\u00e8vre<br \/>\nHypothyro\u00efdie<\/p>\n<\/div>\n<\/div><\/div><\/div><\/div><\/div><\/div><\/div><\/div><div id=\"pg-6683-3\"  class=\"panel-grid panel-has-style\" ><div class=\"siteorigin-panels-stretch panel-row-style panel-row-style-for-6683-3\" data-stretch-type=\"full\" ><div id=\"pgc-6683-3-0\"  class=\"panel-grid-cell\" ><div class=\"abt_oeh left-full-block skew-left panel-cell-style panel-cell-style-for-6683-3-0\" ><div id=\"panel-6683-3-0-0\" class=\"so-panel widget widget_sow-editor panel-first-child panel-last-child\" data-index=\"3\" ><div\n\t\t\t\n\t\t\tclass=\"so-widget-sow-editor so-widget-sow-editor-base\"\n\t\t\t\n\t\t>\n<div class=\"siteorigin-widget-tinymce textwidget\">\n\t<h3 class=\"sec_head\">\u00c9V\u00c9NEMENTS<\/h3>\n<\/div>\n<\/div><\/div><\/div><\/div><\/div><\/div><div id=\"pg-6683-4\"  class=\"panel-grid panel-no-style\" ><div id=\"pgc-6683-4-0\"  class=\"panel-grid-cell\" ><div id=\"panel-6683-4-0-0\" class=\"so-panel widget widget_sow-editor panel-first-child panel-last-child\" data-index=\"4\" ><div\n\t\t\t\n\t\t\tclass=\"so-widget-sow-editor so-widget-sow-editor-base\"\n\t\t\t\n\t\t>\n<div class=\"siteorigin-widget-tinymce textwidget\">\n\t<p style=\"text-align: center;font-size: 16pt !important;color: #3e4757;\">Nous sommes toujours int\u00e9ress\u00e9s \u00e0 rencontrer et \u00e0 travailler avec de nouveaux partenaires potentiels. Nous participons \u00e0 de nombreuses conf\u00e9rences de partenariat \u00e0 travers le monde, notamment : BioEurope Spring, Bio International et BioEurope.<\/p>\n<p style=\"text-align: center;font-size: 16pt !important;color: #3e4757;\">Faites-nous savoir si vous assistez \u00e0 ces conf\u00e9rences via la plateforme de partenariat de l'\u00e9v\u00e9nement. Nous serions heureux de pouvoir vous rencontrer afin de discuter d\u2019opportunit\u00e9s potentielles communes.<\/p>\n<\/div>\n<\/div><\/div><\/div><\/div><div id=\"pg-6683-5\"  class=\"panel-grid panel-has-style\" ><div class=\"bdr_div panel-row-style panel-row-style-for-6683-5\" ><div id=\"pgc-6683-5-0\"  class=\"panel-grid-cell panel-grid-cell-empty\" ><\/div><div id=\"pgc-6683-5-1\"  class=\"panel-grid-cell\" ><div id=\"panel-6683-5-1-0\" class=\"so-panel widget widget_sow-editor panel-first-child panel-last-child\" data-index=\"5\" ><div\n\t\t\t\n\t\t\tclass=\"so-widget-sow-editor so-widget-sow-editor-base\"\n\t\t\t\n\t\t>\n<div class=\"siteorigin-widget-tinymce textwidget\">\n\t<p>\u00c0 d\u00e9terminer en raison des circonstances actuelles. Nous demeurons disponibles afin de discuter de partenariat potentiel.<br \/>\n<!-- \n\n<h4 style=\"color: #006385;margin: 0;\">CONVENTION INTERNATIONALE DE BIO<\/h4>\n\n\n\n\n<h4 style=\"color: #8b9796;margin: 0;\">3-6 JUIN 2019<br \/>PHILADELPHIE, PA<\/h4>\n\n\n--><\/p>\n<\/div>\n<\/div><\/div><\/div><div id=\"pgc-6683-5-2\"  class=\"panel-grid-cell\" ><div id=\"panel-6683-5-2-0\" class=\"so-panel widget widget_sow-image panel-first-child panel-last-child\" data-index=\"6\" ><div\n\t\t\t\n\t\t\tclass=\"so-widget-sow-image so-widget-sow-image-default-e4c2d9f6c920-6683\"\n\t\t\t\n\t\t>\n<div class=\"sow-image-container\">\n\t\t<img loading=\"lazy\" decoding=\"async\" src=\"https:\/\/www.avirpharma.com\/wp-content\/uploads\/2020\/05\/forward-arrow-small.png\" width=\"21\" height=\"40\" sizes=\"auto, (max-width: 21px) 100vw, 21px\" title=\"forward arrow (small)\" alt=\"\" \t\tclass=\"so-widget-image\"\/>\n\t<\/div>\n\n<\/div><\/div><\/div><\/div><\/div><\/div>","protected":false},"excerpt":{"rendered":"<p>S&rsquo;ADAPTER AU CHANGEMENT.C&rsquo;EST NOTRE SP\u00c9CIALIT\u00c9. NOS CHAMPS TH\u00c9RAPEUTIQUES<\/p>\n","protected":false},"author":1,"featured_media":0,"parent":0,"menu_order":0,"comment_status":"closed","ping_status":"closed","template":"","meta":{"footnotes":""},"class_list":["post-6683","page","type-page","status-publish","hentry"],"_links":{"self":[{"href":"https:\/\/www.avirpharma.com\/fr\/wp-json\/wp\/v2\/pages\/6683","targetHints":{"allow":["GET"]}}],"collection":[{"href":"https:\/\/www.avirpharma.com\/fr\/wp-json\/wp\/v2\/pages"}],"about":[{"href":"https:\/\/www.avirpharma.com\/fr\/wp-json\/wp\/v2\/types\/page"}],"author":[{"embeddable":true,"href":"https:\/\/www.avirpharma.com\/fr\/wp-json\/wp\/v2\/users\/1"}],"replies":[{"embeddable":true,"href":"https:\/\/www.avirpharma.com\/fr\/wp-json\/wp\/v2\/comments?post=6683"}],"version-history":[{"count":11,"href":"https:\/\/www.avirpharma.com\/fr\/wp-json\/wp\/v2\/pages\/6683\/revisions"}],"predecessor-version":[{"id":7149,"href":"https:\/\/www.avirpharma.com\/fr\/wp-json\/wp\/v2\/pages\/6683\/revisions\/7149"}],"wp:attachment":[{"href":"https:\/\/www.avirpharma.com\/fr\/wp-json\/wp\/v2\/media?parent=6683"}],"curies":[{"name":"wp","href":"https:\/\/api.w.org\/{rel}","templated":true}]}}