{"id":6691,"date":"2020-05-23T08:06:22","date_gmt":"2020-05-23T07:06:22","guid":{"rendered":"https:\/\/www.avirpharma.com\/our-partnerships\/"},"modified":"2020-08-14T15:06:34","modified_gmt":"2020-08-14T14:06:34","slug":"nos-partenariats","status":"publish","type":"page","link":"https:\/\/www.avirpharma.com\/fr\/nos-partenariats\/","title":{"rendered":"NOS PARTENARIATS"},"content":{"rendered":"<div id=\"pl-6691\"  class=\"panel-layout\" ><div id=\"pg-6691-0\"  class=\"panel-grid panel-has-style\" ><div class=\"header__head siteorigin-panels-stretch panel-row-style panel-row-style-for-6691-0\" data-stretch-type=\"full\" ><div id=\"pgc-6691-0-0\"  class=\"panel-grid-cell\" ><div class=\"balk_overlay_00 panel-cell-style panel-cell-style-for-6691-0-0\" ><div id=\"panel-6691-0-0-0\" class=\"so-panel widget widget_sow-editor panel-first-child panel-last-child\" data-index=\"0\" ><div class=\"balk_overlay panel-widget-style panel-widget-style-for-6691-0-0-0\" ><div\n\t\t\t\n\t\t\tclass=\"so-widget-sow-editor so-widget-sow-editor-base\"\n\t\t\t\n\t\t>\n<div class=\"siteorigin-widget-tinymce textwidget\">\n\t<h2 class=\"pagetitle-title heading\">CONVERTIR LA PASSION EN PROGR\u00c8S.<br \/><span class=\"orange\">C'EST NOTRE SP\u00c9CIALIT\u00c9.<\/span><\/h2>\n<\/div>\n<\/div><\/div><\/div><\/div><\/div><\/div><\/div><div id=\"pg-6691-1\"  class=\"panel-grid panel-has-style\" ><div class=\"siteorigin-panels-stretch panel-row-style panel-row-style-for-6691-1\" id=\"notre-strategie-de-partenariat\" data-stretch-type=\"full\" ><div id=\"pgc-6691-1-0\"  class=\"panel-grid-cell\" ><div class=\"abt_omv right-full-block skew-left panel-cell-style panel-cell-style-for-6691-1-0\" ><div id=\"panel-6691-1-0-0\" class=\"so-panel widget widget_sow-editor panel-first-child panel-last-child\" data-index=\"1\" ><div\n\t\t\t\n\t\t\tclass=\"so-widget-sow-editor so-widget-sow-editor-base\"\n\t\t\t\n\t\t>\n<div class=\"siteorigin-widget-tinymce textwidget\">\n\t<h3 class=\"sec_head\">PARTENARIATS B\u00c2TIS SUR DES COMP\u00c9TENCES COMPL\u00c9MENTAIRES<\/h3>\n<\/div>\n<\/div><\/div><\/div><\/div><\/div><\/div><div id=\"pg-6691-2\"  class=\"panel-grid panel-no-style\" ><div id=\"pgc-6691-2-0\"  class=\"panel-grid-cell\" ><div id=\"panel-6691-2-0-0\" class=\"so-panel widget widget_sow-editor panel-first-child panel-last-child\" data-index=\"2\" ><div\n\t\t\t\n\t\t\tclass=\"so-widget-sow-editor so-widget-sow-editor-base\"\n\t\t\t\n\t\t>\n<div class=\"siteorigin-widget-tinymce textwidget\">\n\t<h5 style=\"text-align: center;\">Nos efforts sont centr\u00e9s sur l'\u00e9tablissement de partenariats internationaux avec des soci\u00e9t\u00e9s pharmaceutiques et biopharmaceutiques dans le but d'introduire au Canada des m\u00e9dicaments th\u00e9rapeutiques innovateurs qui am\u00e9lioreront la vie des Canadiens.<\/h5>\n<h5 style=\"text-align: center;\">\u00c9tant donn\u00e9 que les partenariats et les alliances sont un \u00e9l\u00e9ment cl\u00e9 de notre strat\u00e9gie de croissance commerciale, nous allouons d'importantes ressources financi\u00e8res et corporatives \u00e0 nos activit\u00e9s et strat\u00e9gies de d\u00e9veloppement des affaires. Nous reconnaissons et appr\u00e9cions la valeur de relations commerciales solides et mutuellement b\u00e9n\u00e9fiques tout en veillant \u00e0 ce que nos partenaires re\u00e7oivent les ressources et l'attention n\u00e9cessaires pour r\u00e9ussir.<\/h5>\n<h5 style=\"text-align: center;\">Notre \u00e9quipe de commercialisation est hautement comp\u00e9tente, exp\u00e9riment\u00e9e, ing\u00e9nieuse et mobilis\u00e9e par des objectifs communs. Nous sommes agiles et avons la capacit\u00e9 de transf\u00e9rer notre savoir-faire vers de nouvelles opportunit\u00e9s, et ce, dans de multiples domaines th\u00e9rapeutiques.<\/h5>\n<\/div>\n<\/div><\/div><\/div><\/div><div id=\"pg-6691-3\"  class=\"panel-grid panel-no-style\" ><div id=\"pgc-6691-3-0\"  class=\"panel-grid-cell\" ><div id=\"panel-6691-3-0-0\" class=\"so-panel widget widget_sow-image panel-first-child\" data-index=\"3\" ><div class=\"icon_size panel-widget-style panel-widget-style-for-6691-3-0-0\" ><div\n\t\t\t\n\t\t\tclass=\"so-widget-sow-image so-widget-sow-image-default-113ccd71f3e6-6691\"\n\t\t\t\n\t\t>\n<div class=\"sow-image-container\">\n\t\t<img loading=\"lazy\" decoding=\"async\" src=\"https:\/\/www.avirpharma.com\/wp-content\/uploads\/2020\/07\/Icon_Our-Core-Therapeutic-Investment.png\" width=\"80\" height=\"80\" sizes=\"auto, (max-width: 80px) 100vw, 80px\" alt=\"\" \t\tclass=\"so-widget-image\"\/>\n\t<\/div>\n\n<\/div><\/div><\/div><div id=\"panel-6691-3-0-1\" class=\"so-panel widget widget_sow-editor panel-last-child\" data-index=\"4\" ><div\n\t\t\t\n\t\t\tclass=\"so-widget-sow-editor so-widget-sow-editor-base\"\n\t\t\t\n\t\t>\n<div class=\"siteorigin-widget-tinymce textwidget\">\n\t<h3 class=\"orange\" style=\"text-align: center;\">LE FONDEMENT DE NOS INVESTISSEMENTS<\/h3>\n<h5 style=\"text-align: center;\">Nous sommes continuellement \u00e0 la recherche de produits pharmaceutiques sp\u00e9cialis\u00e9s sous licence pour le march\u00e9 canadien dans les domaines th\u00e9rapeutiques d'expertise suivants : maladies infectieuses, soins hospitaliers sp\u00e9cialis\u00e9s et gastroent\u00e9rologie.<\/h5>\n<h5 style=\"text-align: center;\">De plus, nous recherchons des produits qui soit sont d\u00e9j\u00e0 homologu\u00e9s par Sant\u00e9 Canada, soit un dossier r\u00e9glementaire disponible pour enregistrement au Canada, soit \u00e0 des stades avanc\u00e9s de recherche clinique (phase III ou ult\u00e9rieure).<\/h5>\n<\/div>\n<\/div><\/div><\/div><div id=\"pgc-6691-3-1\"  class=\"panel-grid-cell\" ><div id=\"panel-6691-3-1-0\" class=\"so-panel widget widget_sow-image panel-first-child\" data-index=\"5\" ><div class=\"icon_size panel-widget-style panel-widget-style-for-6691-3-1-0\" ><div\n\t\t\t\n\t\t\tclass=\"so-widget-sow-image so-widget-sow-image-default-113ccd71f3e6-6691\"\n\t\t\t\n\t\t>\n<div class=\"sow-image-container\">\n\t\t<img loading=\"lazy\" decoding=\"async\" src=\"https:\/\/www.avirpharma.com\/wp-content\/uploads\/2020\/05\/EXPLORING-OTHER-OPPORTUNITIES-1.png\" width=\"80\" height=\"80\" sizes=\"auto, (max-width: 80px) 100vw, 80px\" title=\"EXPLORING OTHER OPPORTUNITIES\" alt=\"\" \t\tclass=\"so-widget-image\"\/>\n\t<\/div>\n\n<\/div><\/div><\/div><div id=\"panel-6691-3-1-1\" class=\"so-panel widget widget_sow-editor panel-last-child\" data-index=\"6\" ><div\n\t\t\t\n\t\t\tclass=\"so-widget-sow-editor so-widget-sow-editor-base\"\n\t\t\t\n\t\t>\n<div class=\"siteorigin-widget-tinymce textwidget\">\n\t<h3 class=\"orange\" style=\"text-align: center;\">NOUS EXPLORONS D\u2019AUTRES OPPORTUNIT\u00c9S\u2014ENSEMBLE<\/h3>\n<h5 style=\"text-align: center;\">Comme nous cherchons \u00e0 r\u00e9pondre \u00e0 des besoins non satisfaits au Canada, nous avons un vif int\u00e9r\u00eat pour de nouvelles opportunit\u00e9s dans des champs th\u00e9rapeutiques autres que ceux mentionn\u00e9s ci-dessus \u00e0 condition que ces mol\u00e9cules fassent preuve d\u2019\u00e9vidences cliniques (phase III ou ult\u00e9rieure).<\/h5>\n<h5 style=\"text-align: center;\">Nous collaborons \u00e9galement avec des entreprises internationales qui sont \u00e0 la recherche d'un partenaire fiable en distribution pour leur produit homologu\u00e9 par Sant\u00e9 Canada.<\/h5>\n<\/div>\n<\/div><\/div><\/div><\/div><div id=\"pg-6691-4\"  class=\"panel-grid panel-has-style\" ><div class=\"siteorigin-panels-stretch panel-row-style panel-row-style-for-6691-4\" id=\"notre-savoir-faire\" data-stretch-type=\"full\" ><div id=\"pgc-6691-4-0\"  class=\"panel-grid-cell\" ><div class=\"abt_oeh left-full-block skew-left panel-cell-style panel-cell-style-for-6691-4-0\" ><div id=\"panel-6691-4-0-0\" class=\"so-panel widget widget_sow-editor panel-first-child panel-last-child\" data-index=\"7\" ><div\n\t\t\t\n\t\t\tclass=\"so-widget-sow-editor so-widget-sow-editor-base\"\n\t\t\t\n\t\t>\n<div class=\"siteorigin-widget-tinymce textwidget\">\n\t<h3 class=\"sec_head\">NOTRE SAVOIR-FAIRE<\/h3>\n<\/div>\n<\/div><\/div><\/div><\/div><\/div><\/div><div id=\"pg-6691-5\"  class=\"panel-grid panel-no-style\" ><div id=\"pgc-6691-5-0\"  class=\"panel-grid-cell\" ><div id=\"panel-6691-5-0-0\" class=\"so-panel widget widget_sow-editor panel-first-child\" data-index=\"8\" ><div\n\t\t\t\n\t\t\tclass=\"so-widget-sow-editor so-widget-sow-editor-base\"\n\t\t\t\n\t\t>\n<div class=\"siteorigin-widget-tinymce textwidget\">\n\t<h5 style=\"text-align: center;\">NOTRE SAVOIR-FAIRE NOUS A PERMIS D\u2019INT\u00c9GRER NOTRE GAMME DE PRODUITS DANS DES NICHES UNIQUES DU DOMAINE DE LA SANT\u00c9 CANADIEN :<\/h5>\n<\/div>\n<\/div><\/div><div id=\"panel-6691-5-0-1\" class=\"so-panel widget widget_siteorigin-panels-builder panel-last-child\" data-index=\"9\" ><div id=\"pl-w5f11a3a8b3ce3\"  class=\"panel-layout\" ><div id=\"pg-w5f11a3a8b3ce3-0\"  class=\"panel-grid panel-no-style\" ><div id=\"pgc-w5f11a3a8b3ce3-0-0\"  class=\"panel-grid-cell panel-grid-cell-empty\" ><\/div><div id=\"pgc-w5f11a3a8b3ce3-0-1\"  class=\"panel-grid-cell\" ><div id=\"panel-w5f11a3a8b3ce3-0-1-0\" class=\"so-panel widget widget_sow-image panel-first-child\" data-index=\"0\" ><div\n\t\t\t\n\t\t\tclass=\"so-widget-sow-image so-widget-sow-image-default-113ccd71f3e6\"\n\t\t\t\n\t\t>\n<div class=\"sow-image-container\">\n\t\t<img loading=\"lazy\" decoding=\"async\" src=\"https:\/\/www.avirpharma.com\/wp-content\/uploads\/2020\/05\/REGULATORY-MARKET-ASSESSMENT.png\" width=\"80\" height=\"80\" sizes=\"auto, (max-width: 80px) 100vw, 80px\" title=\"REGULATORY &#038; MARKET ASSESSMENT\" alt=\"\" \t\tclass=\"so-widget-image\"\/>\n\t<\/div>\n\n<\/div><\/div><div id=\"panel-w5f11a3a8b3ce3-0-1-1\" class=\"so-panel widget widget_sow-editor panel-last-child\" data-index=\"1\" ><div\n\t\t\t\n\t\t\tclass=\"so-widget-sow-editor so-widget-sow-editor-base\"\n\t\t\t\n\t\t>\n<div class=\"siteorigin-widget-tinymce textwidget\">\n\t<h3 style=\"text-align: center;\" class=\"orange\">\u00c9VALUATION R\u00c9GLEMENTAIRE ET<br \/>\n\u00c9VALUATION DU MARCH\u00c9<\/h3>\n<div style=\"text-align:center;\">\r\n\t<div class=\"paoc-image-popup\">\r\n\t\t<a class=\"paoc-popup-click paoc-popup-cust-6738 paoc-popup-image paoc-popup-image\" href=\"javascript:void(0);\"><img decoding=\"async\" class=\"popupaoc-img\" src=\"https:\/\/www.avirpharma.com\/wp-content\/uploads\/2020\/05\/popup-icon-1.png\" alt=\"\" \/><\/a>\r\n\r\n\t\t\t<\/div>\r\n\r\n<\/div>\n<\/div>\n<\/div><\/div><\/div><div id=\"pgc-w5f11a3a8b3ce3-0-2\"  class=\"panel-grid-cell panel-grid-cell-mobile-last\" ><div id=\"panel-w5f11a3a8b3ce3-0-2-0\" class=\"so-panel widget widget_sow-image panel-first-child\" data-index=\"2\" ><div\n\t\t\t\n\t\t\tclass=\"so-widget-sow-image so-widget-sow-image-default-113ccd71f3e6\"\n\t\t\t\n\t\t>\n<div class=\"sow-image-container\">\n\t\t<img loading=\"lazy\" decoding=\"async\" src=\"https:\/\/www.avirpharma.com\/wp-content\/uploads\/2020\/05\/FILING-REGISTRATION.png\" width=\"80\" height=\"80\" sizes=\"auto, (max-width: 80px) 100vw, 80px\" title=\"FILING &#038; REGISTRATION\" alt=\"\" \t\tclass=\"so-widget-image\"\/>\n\t<\/div>\n\n<\/div><\/div><div id=\"panel-w5f11a3a8b3ce3-0-2-1\" class=\"so-panel widget widget_sow-editor panel-last-child\" data-index=\"3\" ><div\n\t\t\t\n\t\t\tclass=\"so-widget-sow-editor so-widget-sow-editor-base\"\n\t\t\t\n\t\t>\n<div class=\"siteorigin-widget-tinymce textwidget\">\n\t<h3 class=\"orange\" style=\"text-align: center;\">SOUMISSION R\u00c9GLEMENTAIRE<\/h3>\n<div style=\"text-align: center;\">\r\n\t<div class=\"paoc-image-popup\">\r\n\t\t<a class=\"paoc-popup-click paoc-popup-cust-6740 paoc-popup-image paoc-popup-image\" href=\"javascript:void(0);\"><img decoding=\"async\" class=\"popupaoc-img\" src=\"https:\/\/www.avirpharma.com\/wp-content\/uploads\/2020\/05\/popup-icon-1.png\" alt=\"\" \/><\/a>\r\n\r\n\t\t\t<\/div>\r\n\r\n<\/div>\n<\/div>\n<\/div><\/div><\/div><div id=\"pgc-w5f11a3a8b3ce3-0-3\"  class=\"panel-grid-cell panel-grid-cell-empty\" ><\/div><\/div><div id=\"pg-w5f11a3a8b3ce3-1\"  class=\"panel-grid panel-no-style\" ><div id=\"pgc-w5f11a3a8b3ce3-1-0\"  class=\"panel-grid-cell\" ><div id=\"panel-w5f11a3a8b3ce3-1-0-0\" class=\"so-panel widget widget_sow-image panel-first-child\" data-index=\"4\" ><div\n\t\t\t\n\t\t\tclass=\"so-widget-sow-image so-widget-sow-image-default-113ccd71f3e6\"\n\t\t\t\n\t\t>\n<div class=\"sow-image-container\">\n\t\t<img loading=\"lazy\" decoding=\"async\" src=\"https:\/\/www.avirpharma.com\/wp-content\/uploads\/2020\/05\/PRICING-REIMBURSEMENT.png\" width=\"80\" height=\"80\" sizes=\"auto, (max-width: 80px) 100vw, 80px\" title=\"PRICING &#038; REIMBURSEMENT\" alt=\"\" \t\tclass=\"so-widget-image\"\/>\n\t<\/div>\n\n<\/div><\/div><div id=\"panel-w5f11a3a8b3ce3-1-0-1\" class=\"so-panel widget widget_sow-editor panel-last-child\" data-index=\"5\" ><div\n\t\t\t\n\t\t\tclass=\"so-widget-sow-editor so-widget-sow-editor-base\"\n\t\t\t\n\t\t>\n<div class=\"siteorigin-widget-tinymce textwidget\">\n\t<h3 style=\"text-align: center;\" class=\"orange\">PRIX ET<br \/>\nREMBOURSEMENT<\/h3>\n<div style=\"text-align:center;\">\r\n\t<div class=\"paoc-image-popup\">\r\n\t\t<a class=\"paoc-popup-click paoc-popup-cust-6741 paoc-popup-image paoc-popup-image\" href=\"javascript:void(0);\"><img decoding=\"async\" class=\"popupaoc-img\" src=\"https:\/\/www.avirpharma.com\/wp-content\/uploads\/2020\/05\/popup-icon-1.png\" alt=\"\" \/><\/a>\r\n\r\n\t\t\t<\/div>\r\n\r\n<\/div>\n<\/div>\n<\/div><\/div><\/div><div id=\"pgc-w5f11a3a8b3ce3-1-1\"  class=\"panel-grid-cell\" ><div id=\"panel-w5f11a3a8b3ce3-1-1-0\" class=\"so-panel widget widget_sow-image panel-first-child\" data-index=\"6\" ><div\n\t\t\t\n\t\t\tclass=\"so-widget-sow-image so-widget-sow-image-default-113ccd71f3e6\"\n\t\t\t\n\t\t>\n<div class=\"sow-image-container\">\n\t\t<img loading=\"lazy\" decoding=\"async\" src=\"https:\/\/www.avirpharma.com\/wp-content\/uploads\/2020\/05\/SALES-MARKETING.png\" width=\"80\" height=\"80\" sizes=\"auto, (max-width: 80px) 100vw, 80px\" title=\"SALES &#038; MARKETING\" alt=\"\" \t\tclass=\"so-widget-image\"\/>\n\t<\/div>\n\n<\/div><\/div><div id=\"panel-w5f11a3a8b3ce3-1-1-1\" class=\"so-panel widget widget_sow-editor panel-last-child\" data-index=\"7\" ><div\n\t\t\t\n\t\t\tclass=\"so-widget-sow-editor so-widget-sow-editor-base\"\n\t\t\t\n\t\t>\n<div class=\"siteorigin-widget-tinymce textwidget\">\n\t<h3 style=\"text-align: center;\" class=\"orange\">VENTE ET MARKETING<\/h3>\n<div style=\"text-align:center;\">\r\n\t<div class=\"paoc-image-popup\">\r\n\t\t<a class=\"paoc-popup-click paoc-popup-cust-6743 paoc-popup-image paoc-popup-image\" href=\"javascript:void(0);\"><img decoding=\"async\" class=\"popupaoc-img\" src=\"https:\/\/www.avirpharma.com\/wp-content\/uploads\/2020\/05\/popup-icon-1.png\" alt=\"\" \/><\/a>\r\n\r\n\t\t\t<\/div>\r\n\r\n<\/div>\n<\/div>\n<\/div><\/div><\/div><div id=\"pgc-w5f11a3a8b3ce3-1-2\"  class=\"panel-grid-cell\" ><div id=\"panel-w5f11a3a8b3ce3-1-2-0\" class=\"so-panel widget widget_sow-image panel-first-child\" data-index=\"8\" ><div\n\t\t\t\n\t\t\tclass=\"so-widget-sow-image so-widget-sow-image-default-113ccd71f3e6\"\n\t\t\t\n\t\t>\n<div class=\"sow-image-container\">\n\t\t<img loading=\"lazy\" decoding=\"async\" src=\"https:\/\/www.avirpharma.com\/wp-content\/uploads\/2020\/05\/MEDICAL.png\" width=\"80\" height=\"80\" sizes=\"auto, (max-width: 80px) 100vw, 80px\" alt=\"\" \t\tclass=\"so-widget-image\"\/>\n\t<\/div>\n\n<\/div><\/div><div id=\"panel-w5f11a3a8b3ce3-1-2-1\" class=\"so-panel widget widget_sow-editor panel-last-child\" data-index=\"9\" ><div\n\t\t\t\n\t\t\tclass=\"so-widget-sow-editor so-widget-sow-editor-base\"\n\t\t\t\n\t\t>\n<div class=\"siteorigin-widget-tinymce textwidget\">\n\t<h3 style=\"text-align: center;\" class=\"orange\">EXPERTISE M\u00c9DICALE<\/h3>\n<div style=\"text-align:center;\">\r\n\t<div class=\"paoc-image-popup\">\r\n\t\t<a class=\"paoc-popup-click paoc-popup-cust-6744 paoc-popup-image paoc-popup-image\" href=\"javascript:void(0);\"><img decoding=\"async\" class=\"popupaoc-img\" src=\"https:\/\/www.avirpharma.com\/wp-content\/uploads\/2020\/05\/popup-icon-1.png\" alt=\"\" \/><\/a>\r\n\r\n\t\t\t<\/div>\r\n\r\n<\/div>\n<\/div>\n<\/div><\/div><\/div><\/div><\/div><\/div><\/div><\/div><div id=\"pg-6691-6\"  class=\"panel-grid panel-has-style\" ><div class=\"siteorigin-panels-stretch panel-row-style panel-row-style-for-6691-6\" id=\"evenements\" data-stretch-type=\"full\" ><div id=\"pgc-6691-6-0\"  class=\"panel-grid-cell\" ><div class=\"abt_omv right-full-block skew-left panel-cell-style panel-cell-style-for-6691-6-0\" ><div id=\"panel-6691-6-0-0\" class=\"so-panel widget widget_sow-editor panel-first-child panel-last-child\" data-index=\"10\" ><div\n\t\t\t\n\t\t\tclass=\"so-widget-sow-editor so-widget-sow-editor-base\"\n\t\t\t\n\t\t>\n<div class=\"siteorigin-widget-tinymce textwidget\">\n\t<h3 class=\"sec_head\">\u00c9V\u00c9NEMENTS<\/h3>\n<\/div>\n<\/div><\/div><\/div><\/div><\/div><\/div><div id=\"pg-6691-7\"  class=\"panel-grid panel-no-style\" ><div id=\"pgc-6691-7-0\"  class=\"panel-grid-cell\" ><div id=\"panel-6691-7-0-0\" class=\"so-panel widget widget_sow-editor panel-first-child panel-last-child\" data-index=\"11\" ><div\n\t\t\t\n\t\t\tclass=\"so-widget-sow-editor so-widget-sow-editor-base\"\n\t\t\t\n\t\t>\n<div class=\"siteorigin-widget-tinymce textwidget\">\n\t<h5 style=\"text-align: center;\">Nous sommes toujours int\u00e9ress\u00e9s \u00e0 rencontrer et \u00e0 travailler avec de nouveaux partenaires potentiels. Nous participons \u00e0 de nombreuses conf\u00e9rences de partenariat \u00e0 travers le monde, notamment : BioEurope Spring, Bio International et BioEurope.<\/h5>\n<h5 style=\"text-align: center;\">Faites-nous savoir si vous assistez \u00e0 ces conf\u00e9rences via la plateforme de partenariat de l'\u00e9v\u00e9nement. Nous serions heureux de pouvoir vous rencontrer afin de discuter d\u2019opportunit\u00e9s potentielles communes.<\/h5>\n<\/div>\n<\/div><\/div><\/div><\/div><div id=\"pg-6691-8\"  class=\"panel-grid panel-has-style\" ><div class=\"bdr_div panel-row-style panel-row-style-for-6691-8\" ><div id=\"pgc-6691-8-0\"  class=\"panel-grid-cell panel-grid-cell-empty\" ><\/div><div id=\"pgc-6691-8-1\"  class=\"panel-grid-cell\" ><div id=\"panel-6691-8-1-0\" class=\"so-panel widget widget_sow-editor panel-first-child panel-last-child\" data-index=\"12\" ><div\n\t\t\t\n\t\t\tclass=\"so-widget-sow-editor so-widget-sow-editor-base\"\n\t\t\t\n\t\t>\n<div class=\"siteorigin-widget-tinymce textwidget\">\n\t<p>\u00c0 d\u00e9terminer en raison des circonstances actuelles. Nous demeurons disponibles afin de discuter de partenariat potentiel.<br \/>\n<!-- \n\n<h5 style=\"color: #006385; margin: 0;\"><b>CONVENTION INTERNATIONALE DE BIO<\/b><\/h5>\n\n\n\n\n<h5 style=\"color: #8b9796; margin: 0;\"><span style=\"font-weight: normal;\">3-6 JUIN 2019<br \/>PHILADELPHIE, PA<\/span><\/h5>\n\n\n--><\/p>\n<\/div>\n<\/div><\/div><\/div><div id=\"pgc-6691-8-2\"  class=\"panel-grid-cell\" ><div id=\"panel-6691-8-2-0\" class=\"so-panel widget widget_sow-image panel-first-child panel-last-child\" data-index=\"13\" ><div\n\t\t\t\n\t\t\tclass=\"so-widget-sow-image so-widget-sow-image-default-e4c2d9f6c920-6691\"\n\t\t\t\n\t\t>\n<div class=\"sow-image-container\">\n\t\t<img loading=\"lazy\" decoding=\"async\" src=\"https:\/\/www.avirpharma.com\/wp-content\/uploads\/2020\/05\/forward-arrow-small.png\" width=\"21\" height=\"40\" sizes=\"auto, (max-width: 21px) 100vw, 21px\" title=\"forward arrow (small)\" alt=\"\" \t\tclass=\"so-widget-image\"\/>\n\t<\/div>\n\n<\/div><\/div><\/div><\/div><\/div><\/div>","protected":false},"excerpt":{"rendered":"<p>CONVERTIR LA PASSION EN PROGR\u00c8S.C&rsquo;EST NOTRE SP\u00c9CIALIT\u00c9. PARTENARIATS B\u00c2TIS SUR DES COMP\u00c9TENCES COMPL\u00c9MENTAIRES<\/p>\n","protected":false},"author":1,"featured_media":0,"parent":0,"menu_order":0,"comment_status":"closed","ping_status":"closed","template":"","meta":{"footnotes":""},"class_list":["post-6691","page","type-page","status-publish","hentry"],"_links":{"self":[{"href":"https:\/\/www.avirpharma.com\/fr\/wp-json\/wp\/v2\/pages\/6691","targetHints":{"allow":["GET"]}}],"collection":[{"href":"https:\/\/www.avirpharma.com\/fr\/wp-json\/wp\/v2\/pages"}],"about":[{"href":"https:\/\/www.avirpharma.com\/fr\/wp-json\/wp\/v2\/types\/page"}],"author":[{"embeddable":true,"href":"https:\/\/www.avirpharma.com\/fr\/wp-json\/wp\/v2\/users\/1"}],"replies":[{"embeddable":true,"href":"https:\/\/www.avirpharma.com\/fr\/wp-json\/wp\/v2\/comments?post=6691"}],"version-history":[{"count":28,"href":"https:\/\/www.avirpharma.com\/fr\/wp-json\/wp\/v2\/pages\/6691\/revisions"}],"predecessor-version":[{"id":7181,"href":"https:\/\/www.avirpharma.com\/fr\/wp-json\/wp\/v2\/pages\/6691\/revisions\/7181"}],"wp:attachment":[{"href":"https:\/\/www.avirpharma.com\/fr\/wp-json\/wp\/v2\/media?parent=6691"}],"curies":[{"name":"wp","href":"https:\/\/api.w.org\/{rel}","templated":true}]}}