{"id":6695,"date":"2020-05-23T08:33:53","date_gmt":"2020-05-23T07:33:53","guid":{"rendered":"https:\/\/www.avirpharma.com\/contact-us\/"},"modified":"2023-10-10T15:16:06","modified_gmt":"2023-10-10T14:16:06","slug":"nous-joindre","status":"publish","type":"page","link":"https:\/\/www.avirpharma.com\/fr\/nous-joindre\/","title":{"rendered":"NOUS JOINDRE"},"content":{"rendered":"<div id=\"pl-6695\"  class=\"panel-layout\" ><div id=\"pg-6695-0\"  class=\"panel-grid panel-has-style\" ><div class=\"header__head siteorigin-panels-stretch panel-row-style panel-row-style-for-6695-0\" data-stretch-type=\"full\" ><div id=\"pgc-6695-0-0\"  class=\"panel-grid-cell\" ><div class=\"balk_overlay_00 panel-cell-style panel-cell-style-for-6695-0-0\" ><div id=\"panel-6695-0-0-0\" class=\"so-panel widget widget_sow-editor panel-first-child panel-last-child\" data-index=\"0\" ><div class=\"balk_overlay panel-widget-style panel-widget-style-for-6695-0-0-0\" ><div\n\t\t\t\n\t\t\tclass=\"so-widget-sow-editor so-widget-sow-editor-base\"\n\t\t\t\n\t\t>\n<div class=\"siteorigin-widget-tinymce textwidget\">\n\t<h2 class=\"pagetitle-title heading\">FAIRE UNE DIFF\u00c9RENCE SIGNIFICATIVE.<br \/><span class=\"orange\">C'EST NOTRE SP\u00c9CIALIT\u00c9.<\/span><\/h2>\n<\/div>\n<\/div><\/div><\/div><\/div><\/div><\/div><\/div><div id=\"pg-6695-1\"  class=\"panel-grid panel-has-style\" ><div class=\"siteorigin-panels-stretch panel-row-style panel-row-style-for-6695-1\" id=\"comment-nous-joindre\" data-stretch-type=\"full\" ><div id=\"pgc-6695-1-0\"  class=\"panel-grid-cell\" ><div class=\"abt_omv right-full-block skew-left panel-cell-style panel-cell-style-for-6695-1-0\" ><div id=\"panel-6695-1-0-0\" class=\"so-panel widget widget_sow-editor panel-first-child panel-last-child\" data-index=\"1\" ><div\n\t\t\t\n\t\t\tclass=\"so-widget-sow-editor so-widget-sow-editor-base\"\n\t\t\t\n\t\t>\n<div class=\"siteorigin-widget-tinymce textwidget\">\n\t<h3 class=\"sec_head\">COMMENT NOUS JOINDRE<\/h3>\n<\/div>\n<\/div><\/div><\/div><\/div><\/div><\/div><div id=\"pg-6695-2\"  class=\"panel-grid panel-no-style\" ><div id=\"pgc-6695-2-0\"  class=\"panel-grid-cell\" ><div id=\"panel-6695-2-0-0\" class=\"so-panel widget widget_sow-editor panel-first-child panel-last-child\" data-index=\"2\" ><div\n\t\t\t\n\t\t\tclass=\"so-widget-sow-editor so-widget-sow-editor-base\"\n\t\t\t\n\t\t>\n<div class=\"siteorigin-widget-tinymce textwidget\">\n\t<h5 style=\"text-align: center;\">Pour toute question ou tout commentaire concernant nos produits ou services, veuillez contacter notre service \u00e0 la client\u00e8le.<\/h5>\n<h5 style=\"text-align: center;\">Pour signaler un effet ind\u00e9sirable associ\u00e9 \u00e0 l\u2019utilisation d\u2019un produit d\u2019Avir Pharma, <a href=\"https:\/\/www.avirpharma.com\/fr\/nos-produits\/#declarer-un-effet-indesirable\">cliquez ici<\/a>.<\/h5>\n<h5 style=\"text-align: center;\">Pour des questions sur la protection des renseignements personnels, veuillez contacter <a href=\"mailto:confidentialite@avirpharma.com\">confidentialite@avirpharma.com<\/a>.<\/h5>\n<\/div>\n<\/div><\/div><\/div><\/div><div id=\"pg-6695-3\"  class=\"panel-grid panel-no-style\" ><div id=\"pgc-6695-3-0\"  class=\"panel-grid-cell\" ><div id=\"panel-6695-3-0-0\" class=\"so-panel widget widget_sow-image panel-first-child panel-last-child\" data-index=\"3\" ><div\n\t\t\t\n\t\t\tclass=\"so-widget-sow-image so-widget-sow-image-default-a258e6bfa2d8-6695\"\n\t\t\t\n\t\t>\n<div class=\"sow-image-container\">\n\t\t\t<a href=\"https:\/\/www.google.com\/maps\/place\/Avir+Pharma+Inc.\/@45.6670062,-73.8562866,17z\/data=!3m1!4b1!4m5!3m4!1s0x4cc928190583694d:0x87619f36827de3d5!8m2!3d45.6670062!4d-73.8540979\"\n\t\t\ttarget=\"_blank\" rel=\"noopener noreferrer\" \t\t>\n\t\t\t<img loading=\"lazy\" decoding=\"async\" src=\"https:\/\/www.avirpharma.com\/wp-content\/uploads\/2020\/05\/Google-map.png\" width=\"1206\" height=\"1186\" srcset=\"https:\/\/www.avirpharma.com\/wp-content\/uploads\/2020\/05\/Google-map.png 1206w, https:\/\/www.avirpharma.com\/wp-content\/uploads\/2020\/05\/Google-map-300x295.png 300w, https:\/\/www.avirpharma.com\/wp-content\/uploads\/2020\/05\/Google-map-1024x1007.png 1024w, https:\/\/www.avirpharma.com\/wp-content\/uploads\/2020\/05\/Google-map-768x755.png 768w\" sizes=\"auto, (max-width: 1206px) 100vw, 1206px\" title=\"Google Map\" alt=\"Google Map\" \t\tclass=\"so-widget-image\"\/>\n\t<\/a><\/div>\n\n<\/div><\/div><\/div><div id=\"pgc-6695-3-1\"  class=\"panel-grid-cell\" ><div id=\"panel-6695-3-1-0\" class=\"so-panel widget widget_sow-editor panel-first-child\" data-index=\"4\" ><div\n\t\t\t\n\t\t\tclass=\"so-widget-sow-editor so-widget-sow-editor-base\"\n\t\t\t\n\t\t>\n<div class=\"siteorigin-widget-tinymce textwidget\">\n\t<p style=\"text-align: center;\"><img loading=\"lazy\" decoding=\"async\" width=\"95\" height=\"111\" class=\"size-full wp-image-6481\" style=\"width: 60px; height: auto;\" src=\"https:\/\/www.avirpharma.com\/wp-content\/uploads\/2020\/05\/telephone.png\" alt=\"\" \/><\/p>\n<h3 class=\"orange\" style=\"margin-bottom: 0px;text-align: center;\">SANS FRAIS<\/h3>\n<p style=\"text-align: center;\"><a href=\"tel:18884300436\">1 888 430 0436<\/a><\/p>\n<h3 class=\"orange\" style=\"margin-bottom: 0px;text-align: center;\">T\u00c9L\u00c9PHONE<\/h3>\n<p style=\"text-align: center;\"><a href=\"tel:4509702847\">450 970-AVIR (2847)<\/a><\/p>\n<h3 class=\"orange\" style=\"margin-bottom: 0px;text-align: center;\">T\u00c9L\u00c9COPIEUR<\/h3>\n<p style=\"text-align: center;\"><a href=\"tel:4504342500\">450 434-2500<\/a><\/p>\n<\/div>\n<\/div><\/div><div id=\"panel-6695-3-1-1\" class=\"so-panel widget widget_sow-editor\" data-index=\"5\" ><div\n\t\t\t\n\t\t\tclass=\"so-widget-sow-editor so-widget-sow-editor-base\"\n\t\t\t\n\t\t>\n<div class=\"siteorigin-widget-tinymce textwidget\">\n\t<p style=\"text-align: center;\"><img loading=\"lazy\" decoding=\"async\" width=\"103\" height=\"102\" src=\"https:\/\/www.avirpharma.com\/wp-content\/uploads\/2020\/05\/email.png\" alt=\"\" style=\"width:60px;height:auto;\" class=\"aligncenter size-full wp-image-6480\" \/><\/p>\n<h3 class=\"orange\" style=\"margin-bottom: 0px;text-align: center;\">COURRIEL<\/h3>\n<p style=\"text-align: center;\"><a href=\"mailto:contact@avirpharma.com\">contact@avirpharma.com<\/a><\/p>\n<\/div>\n<\/div><\/div><div id=\"panel-6695-3-1-2\" class=\"so-panel widget widget_sow-editor panel-last-child\" data-index=\"6\" ><div\n\t\t\t\n\t\t\tclass=\"so-widget-sow-editor so-widget-sow-editor-base\"\n\t\t\t\n\t\t>\n<div class=\"siteorigin-widget-tinymce textwidget\">\n\t<p style=\"text-align: center;\"><img loading=\"lazy\" decoding=\"async\" width=\"85\" height=\"141\" src=\"https:\/\/www.avirpharma.com\/wp-content\/uploads\/2020\/05\/address.png\" alt=\"\" style=\"width:60px;height:auto;\" class=\"aligncenter size-full wp-image-6479\" \/><\/p>\n<p style=\"text-align: center;color: var(--primary-color);\">\n660, boulevard Industriel,<br \/>\nBlainville QC J7C 3V4<br \/>\n(Canada)<\/p>\n<\/div>\n<\/div><\/div><\/div><\/div><div id=\"pg-6695-4\"  class=\"panel-grid panel-has-style\" ><div class=\"siteorigin-panels-stretch panel-row-style panel-row-style-for-6695-4\" id=\"se-joindre-a-lequipe\" data-stretch-type=\"full\" ><div id=\"pgc-6695-4-0\"  class=\"panel-grid-cell\" ><div class=\"abt_oeh left-full-block skew-left panel-cell-style panel-cell-style-for-6695-4-0\" ><div id=\"panel-6695-4-0-0\" class=\"so-panel widget widget_sow-editor panel-first-child panel-last-child\" data-index=\"7\" ><div\n\t\t\t\n\t\t\tclass=\"so-widget-sow-editor so-widget-sow-editor-base\"\n\t\t\t\n\t\t>\n<div class=\"siteorigin-widget-tinymce textwidget\">\n\t<h3 class=\"sec_head\">SE JOINDRE \u00c0 L\u2019\u00c9QUIPE<\/h3>\n<\/div>\n<\/div><\/div><\/div><\/div><\/div><\/div><div id=\"pg-6695-5\"  class=\"panel-grid panel-no-style\" ><div id=\"pgc-6695-5-0\"  class=\"panel-grid-cell\" ><div id=\"panel-6695-5-0-0\" class=\"so-panel widget widget_sow-editor panel-first-child\" data-index=\"8\" ><div\n\t\t\t\n\t\t\tclass=\"so-widget-sow-editor so-widget-sow-editor-base\"\n\t\t\t\n\t\t>\n<div class=\"siteorigin-widget-tinymce textwidget\">\n\t<h3 style=\"text-align: center;\">NOUS SOMMES TOUJOURS \u00c0 LA RECHERCHE DE GENS DYNAMIQUES ET D\u00c9DI\u00c9S QUI POURRAIENT SE JOINDRE \u00c0 NOTRE \u00c9QUIPE GRANDISSANTE.<\/h3>\n<h5 style=\"text-align: center;\">Si vous \u00eates int\u00e9ress\u00e9(e) \u00e0 vous joindre \u00e0 nous, contactez les ressources humaines :<\/h5>\n<\/div>\n<\/div><\/div><div id=\"panel-6695-5-0-1\" class=\"so-panel widget widget_siteorigin-panels-builder panel-last-child\" data-index=\"9\" ><div id=\"pl-w5ed0e67eaa3af\"  class=\"panel-layout\" ><div id=\"pg-w5ed0e67eaa3af-0\"  class=\"panel-grid panel-no-style\" ><div id=\"pgc-w5ed0e67eaa3af-0-0\"  class=\"panel-grid-cell\" ><div id=\"panel-w5ed0e67eaa3af-0-0-0\" class=\"so-panel widget widget_sow-image panel-first-child\" data-index=\"0\" ><div class=\"icon_size panel-widget-style panel-widget-style-for-w5ed0e67eaa3af-0-0-0\" ><div\n\t\t\t\n\t\t\tclass=\"so-widget-sow-image so-widget-sow-image-default-113ccd71f3e6\"\n\t\t\t\n\t\t>\n<div class=\"sow-image-container\">\n\t\t<img loading=\"lazy\" decoding=\"async\" src=\"https:\/\/www.avirpharma.com\/wp-content\/uploads\/2020\/05\/email.png\" width=\"103\" height=\"102\" sizes=\"auto, (max-width: 103px) 100vw, 103px\" alt=\"\" \t\tclass=\"so-widget-image\"\/>\n\t<\/div>\n\n<h3 class=\"widget-title\"><\/h3><\/div><\/div><\/div><div id=\"panel-w5ed0e67eaa3af-0-0-1\" class=\"so-panel widget widget_sow-editor panel-last-child\" data-index=\"1\" ><div\n\t\t\t\n\t\t\tclass=\"so-widget-sow-editor so-widget-sow-editor-base\"\n\t\t\t\n\t\t>\n<div class=\"siteorigin-widget-tinymce textwidget\">\n\t<h5 style=\"text-align: center;\"><a href=\"mailto:emploi@avirpharma.com\">emploi@avirpharma.com<\/a><\/h5>\n<\/div>\n<\/div><\/div><\/div><div id=\"pgc-w5ed0e67eaa3af-0-1\"  class=\"panel-grid-cell\" ><div id=\"panel-w5ed0e67eaa3af-0-1-0\" class=\"so-panel widget widget_sow-image panel-first-child\" data-index=\"2\" ><div class=\"icon_size panel-widget-style panel-widget-style-for-w5ed0e67eaa3af-0-1-0\" ><div\n\t\t\t\n\t\t\tclass=\"so-widget-sow-image so-widget-sow-image-default-113ccd71f3e6\"\n\t\t\t\n\t\t>\n<div class=\"sow-image-container\">\n\t\t<img loading=\"lazy\" decoding=\"async\" src=\"https:\/\/www.avirpharma.com\/wp-content\/uploads\/2020\/05\/telephone.png\" width=\"95\" height=\"111\" sizes=\"auto, (max-width: 95px) 100vw, 95px\" alt=\"\" \t\tclass=\"so-widget-image\"\/>\n\t<\/div>\n\n<\/div><\/div><\/div><div id=\"panel-w5ed0e67eaa3af-0-1-1\" class=\"so-panel widget widget_sow-editor panel-last-child\" data-index=\"3\" ><div\n\t\t\t\n\t\t\tclass=\"so-widget-sow-editor so-widget-sow-editor-base\"\n\t\t\t\n\t\t>\n<div class=\"siteorigin-widget-tinymce textwidget\">\n\t<h5 style=\"text-align: center;\"><a href=\"tel:4509702847\">450 970-2847<\/a><\/h5>\n<\/div>\n<\/div><\/div><\/div><\/div><\/div><\/div><\/div><\/div><\/div>","protected":false},"excerpt":{"rendered":"<p>FAIRE UNE DIFF\u00c9RENCE SIGNIFICATIVE.C&rsquo;EST NOTRE SP\u00c9CIALIT\u00c9. COMMENT NOUS JOINDRE<\/p>\n","protected":false},"author":1,"featured_media":0,"parent":0,"menu_order":0,"comment_status":"closed","ping_status":"closed","template":"","meta":{"footnotes":""},"class_list":["post-6695","page","type-page","status-publish","hentry"],"_links":{"self":[{"href":"https:\/\/www.avirpharma.com\/fr\/wp-json\/wp\/v2\/pages\/6695","targetHints":{"allow":["GET"]}}],"collection":[{"href":"https:\/\/www.avirpharma.com\/fr\/wp-json\/wp\/v2\/pages"}],"about":[{"href":"https:\/\/www.avirpharma.com\/fr\/wp-json\/wp\/v2\/types\/page"}],"author":[{"embeddable":true,"href":"https:\/\/www.avirpharma.com\/fr\/wp-json\/wp\/v2\/users\/1"}],"replies":[{"embeddable":true,"href":"https:\/\/www.avirpharma.com\/fr\/wp-json\/wp\/v2\/comments?post=6695"}],"version-history":[{"count":23,"href":"https:\/\/www.avirpharma.com\/fr\/wp-json\/wp\/v2\/pages\/6695\/revisions"}],"predecessor-version":[{"id":7964,"href":"https:\/\/www.avirpharma.com\/fr\/wp-json\/wp\/v2\/pages\/6695\/revisions\/7964"}],"wp:attachment":[{"href":"https:\/\/www.avirpharma.com\/fr\/wp-json\/wp\/v2\/media?parent=6695"}],"curies":[{"name":"wp","href":"https:\/\/api.w.org\/{rel}","templated":true}]}}